{"id":39,"date":"2011-12-06T14:17:26","date_gmt":"2011-12-06T14:17:26","guid":{"rendered":"http:\/\/mussur.r-ce.pl\/?page_id=39"},"modified":"2011-12-12T11:07:27","modified_gmt":"2011-12-12T11:07:27","slug":"info","status":"publish","type":"page","link":"http:\/\/mussur.r-ce.pl\/?page_id=39","title":{"rendered":"Info"},"content":{"rendered":"<p><strong>Zgodnie z ustaw\u0105 o prawie autorskim i prawach pokrewnych z dnia 4 lutego 1994 r., ka\u017cde zdj\u0119cie podlega ochronie prawa autorskiego. Bez zgody autora zdj\u0119cia nie mog\u0105 by\u0107 publikowane i kopiowane.<\/strong><\/p>\n<p><strong>Zdj\u0119cia wykonane aparatami:<\/strong><br \/>\nCanon 60D<br \/>\nFujiFilm FinePix S100FS<br \/>\nCanon A610<\/p>\n<p><strong>Kontakt:<\/strong><br \/>\nMaciej Mussur<br \/>\nTel. 694 67 67 49<br \/>\nE-mail: macieksoko(at)wp.pl<br \/>\n<a href=\"https:\/\/www.facebook.com\/macieksoko\">Facebook<\/a><br \/>\n<strong><br \/>\n<\/strong><\/p>\n","protected":false},"excerpt":{"rendered":"<p>Zgodnie z ustaw\u0105 o prawie autorskim i prawach pokrewnych z dnia 4 lutego 1994 r., ka\u017cde zdj\u0119cie podlega ochronie prawa autorskiego. Bez zgody autora zdj\u0119cia nie mog\u0105 by\u0107 publikowane i kopiowane. Zdj\u0119cia wykonane aparatami: Canon 60D FujiFilm FinePix S100FS Canon A610 Kontakt: Maciej Mussur Tel. 694 67 67 49 E-mail: macieksoko(at)wp.pl Facebook<\/p>\n","protected":false},"author":1,"featured_media":0,"parent":0,"menu_order":3,"comment_status":"open","ping_status":"closed","template":"","meta":{"footnotes":""},"class_list":["post-39","page","type-page","status-publish","hentry"],"_links":{"self":[{"href":"http:\/\/mussur.r-ce.pl\/index.php?rest_route=\/wp\/v2\/pages\/39","targetHints":{"allow":["GET"]}}],"collection":[{"href":"http:\/\/mussur.r-ce.pl\/index.php?rest_route=\/wp\/v2\/pages"}],"about":[{"href":"http:\/\/mussur.r-ce.pl\/index.php?rest_route=\/wp\/v2\/types\/page"}],"author":[{"embeddable":true,"href":"http:\/\/mussur.r-ce.pl\/index.php?rest_route=\/wp\/v2\/users\/1"}],"replies":[{"embeddable":true,"href":"http:\/\/mussur.r-ce.pl\/index.php?rest_route=%2Fwp%2Fv2%2Fcomments&post=39"}],"version-history":[{"count":22,"href":"http:\/\/mussur.r-ce.pl\/index.php?rest_route=\/wp\/v2\/pages\/39\/revisions"}],"predecessor-version":[{"id":110,"href":"http:\/\/mussur.r-ce.pl\/index.php?rest_route=\/wp\/v2\/pages\/39\/revisions\/110"}],"wp:attachment":[{"href":"http:\/\/mussur.r-ce.pl\/index.php?rest_route=%2Fwp%2Fv2%2Fmedia&parent=39"}],"curies":[{"name":"wp","href":"https:\/\/api.w.org\/{rel}","templated":true}]}}